{"id":40,"date":"2019-08-05T03:37:39","date_gmt":"2019-08-05T03:37:39","guid":{"rendered":"http:\/\/localhost\/teady.com.vn\/s\u1ea3n%20ph\u1ea9m\/sen-cay-cao-cap-massage-sc1042\/"},"modified":"2019-08-05T03:37:39","modified_gmt":"2019-08-05T03:37:39","slug":"sen-cay-cao-cap-massage-sc1042","status":"publish","type":"product","link":"https:\/\/noithat.mauwebwp.com\/noithat002\/s\u1ea3n ph\u1ea9m\/sen-cay-cao-cap-massage-sc1042\/","title":{"rendered":"SEN C\u00c2Y CAO C\u1ea4P MASSAGE SC1042"},"content":{"rendered":"<div id=\"tab-description\" role=\"tabpanel\" aria-labelledby=\"tab-title-description\" readability=\"87\">\n<h2 class=\"woocommerce-description-title\">M\u00f4 t\u1ea3<\/h2>\n<p><span><strong>\u2756Ch\u1ea5t l\u01b0\u1ee3ng<\/strong><\/span><\/p>\n<p>-V\u1edbi s\u1ed1 ti\u1ec1n b\u1ecf ra v\u1ea5n \u0111\u1ec1 ch\u1ea5t l\u01b0\u1ee3ng l\u00e0 y\u1ebfu t\u1ed1 h\u00e0ng \u0111\u1ea7u khi\u1ebfn b\u1ea1n l\u01b0u t\u00e2m t\u1edbi \u2013 Ch\u00ednh v\u00ec th\u1ebf TEADY lu\u00f4n\u00a0\u201cT\u1eadp trung v\u00e0o ch\u1ea5t l\u01b0\u1ee3ng t\u1ed1i \u01b0u trong t\u1ea7m gi\u00e1\u201d<\/p>\n<p>-L\u1edbp m\u1ea1 05 l\u1edbp Crom d\u00e0y 0,2 micron,c\u00f3 \u0111\u1ed9 b\u00f3ng cao c\u1ea5p l\u00e0 y\u1ebfu t\u1ed1 khi\u1ebfn S\u1ea2N PH\u1ea8M b\u1ea3o h\u00e0nh s\u1ea3n ph\u1ea9m l\u00ean t\u1edbi 5 N\u0103m, \u0111\u1ed9 b\u1ec1n cao, s\u00e1ng b\u00f3ng, ch\u1ed1ng b\u00e1m b\u1ea9n v\u00e0 d\u1ec5 lau ch\u00f9i v\u1ec7 sinh.<\/p>\n<p>-Ch\u1ea5t li\u1ec7u \u0111\u1ed3ng l\u00ean t\u1edbi 59% v\u00e0 41% h\u1ee3p ch\u1ea5t kh\u00e1c theo ti\u00eau chu\u1ea9n KSA, gi\u00fap b\u1ed9 sen c\u00e2y t\u1eafm\u00a0c\u00f3 th\u1ec3 s\u1eed d\u1ee5ng cho h\u1ea7u h\u1ebft c\u00e1c ngu\u1ed3n n\u01b0\u1edbc \u1edf Vi\u1ec7t Nam.<\/p>\n<p>-L\u00f5i catridge ph\u1ea7n v\u1ecf \u0111\u01b0\u1ee3c l\u00e0m b\u1eb1ng nh\u1ef1a PVC v\u00e0 \u0110\u0129a xoay \u0111\u01b0\u1ee3c l\u00e0m b\u1eb1ng Ceramic tu\u1ed5i th\u1ecd cao, ch\u1ecbu \u0111\u01b0\u1ee3c \u00e1p l\u1ef1c 2 \u2013 5kg v\u00e0 \u0111\u01b0\u1ee3c th\u1eed b\u1eb1ng m\u00e1y 160,000 l\u1ea7n t\u01b0\u01a1ng \u1ee9ng v\u1edbi 30 l\u1ea7n s\u1eed d\u1ee5ng\/ 1 ng\u00e0y trong su\u1ed1t 15 n\u0103m li\u00ean t\u1ee5c.<\/p>\n<p>-Tr\u01b0\u1edbc khi xi m\u1ea1, s\u1ea3n ph\u1ea9m \u0111\u1ec1u \u0111\u01b0\u1ee3c x\u1eed l\u00ed qua dung d\u1ecbch PB, x\u1eed l\u00fd v\u1ec7 sinh \u0111\u1ec3 l\u1ecdai b\u1ecf ch\u1ea5t g\u00e2y h\u1ea1i cho s\u1ee9c kh\u1ecfe.<\/p>\n<p><strong><span>\u2756Ti\u1ec7n \u00edch<\/span><\/strong><\/p>\n<p>-V\u1edbi c\u00e1c ch\u1ee9c n\u0103ng phun n\u01b0\u1edbc : v\u00f2i x\u1ea3 \u2013 sen t\u1eafm to \u2013 sen t\u1eafm nh\u1ecf. S\u1ea3n ph\u1ea9m \u0111\u00e1p \u1ee9ng \u0111\u01b0\u1ee3c h\u1ea7u h\u1ebft c\u00e1c nhu c\u1ea7u, c\u0169ng nh\u01b0 s\u1edf th\u00edch t\u1eafm kh\u00e1c nhau c\u1ee7a c\u00e1c th\u00e0nh vi\u00ean trong gia \u0111\u00ecnh.<\/p>\n<p>-\u0110\u1ea7u v\u00f2i c\u00f3 1 l\u1edbp l\u01b0\u1edbi t\u1ea1o b\u1ecdt l\u1ecdc n\u01b0\u1edbc v\u00e0 gi\u00fap d\u00f2ng n\u01b0\u1edbc ch\u1ea3y \u00eam h\u01a1n, kh\u00f4ng b\u1eafn n\u01b0\u1edbc khi ch\u1ea3y t\u1eeb \u0111\u1ed9 cao 90cm \u2013 1m xu\u1ed1ng. M\u1ed9t ti\u1ec7n \u00edch kh\u00e1c c\u1ee7a \u0111\u1ea7u v\u00f2i\u00a0 l\u00e0 c\u00f3 th\u1ec3 xoay 360 \u0111\u1ed9, b\u1ea1n n\u00ean xoay v\u00f2i v\u00e0o trong s\u00e1t t\u01b0\u1eddng \u0111\u1ec3 tr\u00e1nh c\u1ed9c \u0111\u1ea7u v\u00e0o v\u00f2i m\u1ed7i khi sinh ho\u1ea1t b\u00ean d\u01b0\u1edbi v\u00f2i n\u01b0\u1edbc.<\/p>\n<p>-Ch\u1ebf \u0111\u1ed9 h\u00f2a n\u01b0\u1edbc n\u00f3ng l\u1ea1nh \u0111\u01a1n gi\u1ea3n kh\u00f4ng ph\u1ee9c t\u1ea1p b\u1ea1n c\u00f3 th\u1ec3 h\u01b0\u1edbng d\u1eabn k\u1ec3 c\u1ea3 ng\u01b0\u1eddi cao tu\u1ed5i c\u0169ng s\u1eed d\u1ee5ng \u0111\u01b0\u1ee3c th\u00e0nh th\u1ea1o v\u00e0 an to\u00e0n.<\/p>\n<p><span><strong>\u2756D\u1ecbch V\u1ee5<\/strong><\/span><\/p>\n<p>B\u1ea3o h\u00e0nh 1 \u0111\u1ed5i 1: v\u1edbi s\u1ef1 ki\u1ec3m so\u00e1t ngi\u00eam ng\u1eb7t tr\u01b0\u1edbc khi xu\u1ea5t x\u01b0\u1edfng TEADY t\u1ef1 tin cung c\u1ea5p d\u1ecbch v\u1ee5 b\u1ea3o h\u00e0nh c\u00f3 l\u1ee3i nh\u1ea5t cho ng\u01b0\u1eddi ti\u00eau d\u00f9ng, \u0111\u00f3 l\u00e0 b\u1ea3o h\u00e0nh 1 \u0111\u1ed5i 1.<\/p>\n<p>V\u1edbi b\u1ed9 sen c\u00e2y m\u1ea1 Crom s\u00e1ng b\u00f3ng \u0111\u01b0\u1ee3c b\u1ea3o h\u00e0nh 5 n\u0103m, trong th\u1eddi gian b\u1ea3o h\u00e0nh b\u1ea5t c\u1ee9 khi n\u00e0o s\u1ea3n ph\u1ea9m c\u1ee7a b\u1ea1n b\u1ecb h\u1ecfng h\u00e3y li\u00ean h\u1ec7 ngay cho ch\u00fang t\u00f4i \u0111\u1ec3 \u0111\u01b0\u1ee3c \u0111\u1ed5i m\u1edbi s\u1ea3n ph\u1ea9m. C\u00f2n g\u00ec tuy\u1ec7t v\u1eddi h\u01a1n!<\/p>\n<p><span><strong>\u2756Quy tr\u00ecnh s\u1ea3n xu\u1ea5t<\/strong><\/span><\/p>\n<ol>\n<li>L\u1ef1a ch\u1ecdn ch\u1ea5t li\u1ec7u \u0111\u1ed3ng t\u1ed1t<\/li>\n<li>T\u1ea1o ph\u00f4i b\u1eb1ng m\u00e1y \u0111\u00fac \u00e1p l\u1ef1c cao (v\u1edbi c\u00e1c s\u1ea3n ph\u1ea9n \u0111\u00fac)v\u00e0 m\u00e1y CNC<\/li>\n<li>Gia c\u00f4ng b\u1eb1ng m\u00e1y t\u1ef1 \u0111\u1ed9ng v\u1edbi \u0111\u1ed9 ch\u00ednh x\u00e1c cao<\/li>\n<li>M\u1ea1 m\u1eabu s\u1ea3n ph\u1ea9m.<\/li>\n<li>M\u1ea1 t\u1ef1 \u0111\u1ed9ng tr\u00ean d\u00e2y truy\u1ec1n<\/li>\n<li>\u0110\u00e1nh b\u00f3ng s\u1ea3n ph\u1ea9m.<\/li>\n<li>L\u1eafp r\u00e1p s\u1ea3n ph\u1ea9m<\/li>\n<li>Ki\u1ec3m tra, th\u1eed n\u01b0\u1edbc, \u0111\u1ed3ng g\u00f3i s\u1ea3n ph\u1ea9m.<\/li>\n<li>Ph\u00e2n ph\u1ed1i t\u1edbi c\u00e1c \u0111\u1ea1i l\u00fd \u0111\u1ed9c quy\u1ec1n, \u1ee7y quy\u1ec1n c\u1ee7a khu v\u1ef1c.<\/li>\n<\/ol>\n<p><span><strong>\u2756Tr\u1ecdn b\u1ed9 s\u1ea3n ph\u1ea9m bao g\u1ed3m<\/strong><\/span><\/p>\n<ol>\n<li>C\u1ee7 sen c\u00e2y.<\/li>\n<li>Ch\u00e2n sen.<\/li>\n<li>C\u1ea7n sen.<\/li>\n<li>B\u00e1t sen to.<\/li>\n<li>B\u00e1t sen nh\u1ecf.<\/li>\n<li>D\u00e2y sen.<\/li>\n<li>\u1ed0p ch\u00e2n sen.<\/li>\n<li>C\u1ed1 \u0111\u1ecbnh c\u1ea7n sen.<\/li>\n<li>C\u00e1c gio\u0103ng \u1ed1c \u0111i k\u00e8m<\/li>\n<\/ol><\/div>\n","protected":false},"excerpt":{"rendered":"<p>M\u00f4 t\u1ea3 \u2756Ch\u1ea5t l\u01b0\u1ee3ng -V\u1edbi s\u1ed1 ti\u1ec1n b\u1ecf ra v\u1ea5n \u0111\u1ec1 ch\u1ea5t l\u01b0\u1ee3ng l\u00e0 y\u1ebfu t\u1ed1 h\u00e0ng \u0111\u1ea7u khi\u1ebfn b\u1ea1n l\u01b0u t\u00e2m t\u1edbi \u2013 Ch\u00ednh v\u00ec th\u1ebf TEADY lu\u00f4n\u00a0\u201cT\u1eadp trung v\u00e0o ch\u1ea5t l\u01b0\u1ee3ng t\u1ed1i \u01b0u trong t\u1ea7m gi\u00e1\u201d -L\u1edbp m\u1ea1 05 l\u1edbp Crom d\u00e0y 0,2 micron,c\u00f3 \u0111\u1ed9 b\u00f3ng cao c\u1ea5p l\u00e0 y\u1ebfu t\u1ed1 khi\u1ebfn S\u1ea2N&#8230;<\/p>\n","protected":false},"featured_media":41,"comment_status":"open","ping_status":"closed","template":"","meta":[],"class_list":["post-40","product","type-product","status-publish","has-post-thumbnail","hentry","product_cat-sen-cay-cao-cap-han-quoc"],"_links":{"self":[{"href":"https:\/\/noithat.mauwebwp.com\/noithat002\/wp-json\/wp\/v2\/product\/40","targetHints":{"allow":["GET"]}}],"collection":[{"href":"https:\/\/noithat.mauwebwp.com\/noithat002\/wp-json\/wp\/v2\/product"}],"about":[{"href":"https:\/\/noithat.mauwebwp.com\/noithat002\/wp-json\/wp\/v2\/types\/product"}],"replies":[{"embeddable":true,"href":"https:\/\/noithat.mauwebwp.com\/noithat002\/wp-json\/wp\/v2\/comments?post=40"}],"wp:featuredmedia":[{"embeddable":true,"href":"https:\/\/noithat.mauwebwp.com\/noithat002\/wp-json\/wp\/v2\/media\/41"}],"wp:attachment":[{"href":"https:\/\/noithat.mauwebwp.com\/noithat002\/wp-json\/wp\/v2\/media?parent=40"}],"curies":[{"name":"wp","href":"https:\/\/api.w.org\/{rel}","templated":true}]}}