{"id":342,"date":"2019-08-05T03:35:48","date_gmt":"2019-08-05T03:35:48","guid":{"rendered":"http:\/\/localhost\/teady.com.vn\/s\u1ea3n%20ph\u1ea9m\/sen-cay-inox-304-vuong-t43\/"},"modified":"2019-08-05T03:35:48","modified_gmt":"2019-08-05T03:35:48","slug":"sen-cay-inox-304-vuong-t43","status":"publish","type":"product","link":"https:\/\/noithat.mauwebwp.com\/noithat002\/s\u1ea3n ph\u1ea9m\/sen-cay-inox-304-vuong-t43\/","title":{"rendered":"SEN C\u00c2Y INOX 304 VU\u00d4NG T43"},"content":{"rendered":"<div id=\"tab-description\" role=\"tabpanel\" aria-labelledby=\"tab-title-description\" readability=\"69\">\n<h2 class=\"woocommerce-description-title\">M\u00f4 t\u1ea3<\/h2>\n<p><span><strong>S\u1ea2N PH\u1ea8M S\u1ea2N XU\u1ea4T THEO TI\u00caU CHU\u1ea8N H\u00c0N QU\u1ed0C KH\u00d4NG NHI\u1ec4M CH\u00cc<\/strong><\/span><\/p>\n<p>\u2013 B\u1ed9 s\u1ea3n ph\u1ea9m g\u1ed3m: 1 c\u1ee7 sen, 1 d\u00e2y d\u1eabn n\u01b0\u1edbc, 1 tay sen, 1 b\u00e1t sen, 1 \u1ed1ng \u0111\u1ee9ng &#038; c\u00e1c \u0111\u1ea7u \u1ed1c \u0111i k\u00e8m.<\/p>\n<p>\u2013 Ch\u1ea5t li\u1ec7u inox SUS304 cao c\u1ea5p, b\u1ec1n ch\u1eafc kh\u00f4ng ch\u1ee9a ch\u00ec, \u0111\u1ea3m b\u1ea3o an to\u00e0n cho ngu\u1ed3n n\u01b0\u1edbc<\/p>\n<p>\u2013 B\u00e1t sen si\u00eau m\u1ecfng c\u00f3 \u0111\u01b0\u1eddng k\u00ednh r\u1ed9ng cho di\u1ec7n t\u00edch phun m\u01b0a l\u1edbn, c\u00f3 th\u1ec3 thay \u0111\u1ed5i chi\u1ec1u h\u01b0\u1edbng &#038; \u0111\u1ed9 cao c\u1ee7a b\u00e1t sen theo \u00fd th\u00edch \u0111\u0129a xoay 360 \u0111\u1ed9 c\u00f9ng ch\u1ed1t thay \u0111\u1ed5i \u0111\u1ed9 cao tr\u00ean \u1ed1ng \u0111\u1ee9ng.<\/p>\n<p>\u2013 Tay sen \u0111\u1ed3ng b\u1ed9 v\u1edbi b\u00e1t sen c\u00f3 nhi\u1ec1u \u0111\u1ea7u phun v\u1edbi thi\u1ebft k\u1ebf thanh m\u1ea3nh, t\u1ea1o \u00e1p l\u1ef1c n\u01b0\u1edbc \u0111\u1ec1u &#038; m\u1ea1nh.<\/p>\n<p>\u2013 C\u1ee7 sen sang tr\u1ecdng v\u1edbi n\u00fat chuy\u1ec3n \u0111\u1ed5i ch\u1ebf \u0111\u1ed9 n\u01b0\u1edbc d\u1ec5 d\u00e0ng thao t\u00e1c c\u00f9ng v\u00f2i x\u1ea3 ph\u1ee5 c\u00f3 th\u1ec3 xoay g\u1ea5p v\u00e0o trong cho di\u1ec7n t\u00edch \u0111\u1ee9ng t\u1eafm r\u1ed9ng r\u00e3i &#038; tho\u1ea3i m\u00e1i h\u01a1n.<\/p>\n<p>\u2013 \u0110\u1ebf c\u00e0i tay sen c\u00f3 n\u00fat \u0111i\u1ec1u ch\u1ec9nh v\u1ecb tr\u00ed d\u1ec5 d\u00e0ng tr\u00ean \u1ed1ng \u0111\u1ee9ng, v\u1ecb tr\u00ed c\u00e0i tay sen c\u00f3 th\u1ec3 xoay 360 \u0111\u1ed9 ti\u1ec7n l\u1ee3i khi s\u1eed d\u1ee5ng.<\/p>\n<p>\u2013 B\u1ed9 s\u1ea3n ph\u1ea9m c\u00f3 \u0111\u1ed9 b\u1ec1n cao, sang tr\u1ecdng, kh\u00f4ng g\u1ec9, kh\u00f4ng bong tr\u00f3c cho b\u1ea1n tho\u1ea3i m\u00e1i s\u1eed d\u1ee5ng trong th\u1eddi gian d\u00e0i.<\/p>\n<p><span><strong>B\u1ea2O H\u00c0NH 5\u00a0N\u0102M S\u1ea2N PH\u1ea8M<\/strong><\/span><\/p>\n<\/p><\/div>\n","protected":false},"excerpt":{"rendered":"<p>M\u00f4 t\u1ea3 S\u1ea2N PH\u1ea8M S\u1ea2N XU\u1ea4T THEO TI\u00caU CHU\u1ea8N H\u00c0N QU\u1ed0C KH\u00d4NG NHI\u1ec4M CH\u00cc \u2013 B\u1ed9 s\u1ea3n ph\u1ea9m g\u1ed3m: 1 c\u1ee7 sen, 1 d\u00e2y d\u1eabn n\u01b0\u1edbc, 1 tay sen, 1 b\u00e1t sen, 1 \u1ed1ng \u0111\u1ee9ng &#038; c\u00e1c \u0111\u1ea7u \u1ed1c \u0111i k\u00e8m. \u2013 Ch\u1ea5t li\u1ec7u inox SUS304 cao c\u1ea5p, b\u1ec1n ch\u1eafc kh\u00f4ng ch\u1ee9a ch\u00ec, \u0111\u1ea3m b\u1ea3o&#8230;<\/p>\n","protected":false},"featured_media":12,"comment_status":"open","ping_status":"closed","template":"","meta":[],"class_list":["post-342","product","type-product","status-publish","has-post-thumbnail","hentry","product_cat-sen-cay-cao-cap-han-quoc"],"_links":{"self":[{"href":"https:\/\/noithat.mauwebwp.com\/noithat002\/wp-json\/wp\/v2\/product\/342","targetHints":{"allow":["GET"]}}],"collection":[{"href":"https:\/\/noithat.mauwebwp.com\/noithat002\/wp-json\/wp\/v2\/product"}],"about":[{"href":"https:\/\/noithat.mauwebwp.com\/noithat002\/wp-json\/wp\/v2\/types\/product"}],"replies":[{"embeddable":true,"href":"https:\/\/noithat.mauwebwp.com\/noithat002\/wp-json\/wp\/v2\/comments?post=342"}],"wp:featuredmedia":[{"embeddable":true,"href":"https:\/\/noithat.mauwebwp.com\/noithat002\/wp-json\/wp\/v2\/media\/12"}],"wp:attachment":[{"href":"https:\/\/noithat.mauwebwp.com\/noithat002\/wp-json\/wp\/v2\/media?parent=342"}],"curies":[{"name":"wp","href":"https:\/\/api.w.org\/{rel}","templated":true}]}}