{"id":264,"date":"2019-08-05T11:32:48","date_gmt":"2019-08-05T04:32:48","guid":{"rendered":"http:\/\/localhost\/teady.com.vn\/chi-tiet\/guong-vien-inox-ma%cc%a3-vang-cn100"},"modified":"2019-08-05T11:32:48","modified_gmt":"2019-08-05T04:32:48","slug":"guong-vien-inox-ma%cc%a3-vang-cn100","status":"publish","type":"product","link":"https:\/\/noithat.mauwebwp.com\/noithat002\/s\u1ea3n ph\u1ea9m\/guong-vien-inox-ma%cc%a3-vang-cn100\/","title":{"rendered":"G\u01af\u01a0NG VI\u00ca\u0300N INOX MA\u0323 VA\u0300NG CN100"},"content":{"rendered":"<div id=\"tab-description\" role=\"tabpanel\" aria-labelledby=\"tab-title-description\" readability=\"45\">\n<h2 class=\"woocommerce-description-title\">M\u00f4 t\u1ea3<\/h2>\n<p><em>G\u01b0\u01a1ng kh\u00f4ng ch\u1ec9 d\u00f9ng \u0111\u1ec3 soi m\u00e0 c\u00f2n l\u00e0 v\u1eadt trang tr\u00ed r\u1ea5t \u0111\u01b0\u1ee3c \u01b0a chu\u1ed9ng. Nh\u1ea5t l\u00e0 trong ph\u00f2ng t\u1eafm c\u1ee7a m\u1ed7i gia \u0111\u00ecnh kh\u00f4ng th\u1ec3 thi\u1ebfu m\u1ed9t chi\u1ebfc g\u01b0\u01a1ng \u0111\u1eb9p m\u1eaft. N\u00f3 mang \u0111\u1ebfn c\u00f4ng d\u1ee5ng tuy\u1ec7t v\u1eddi, gi\u00fap m\u1edf r\u1ed9ng kh\u00f4ng gian, khi\u1ebfn c\u0103n ph\u00f2ng tr\u1edf n\u00ean s\u00e1ng v\u00e0 b\u1eaft m\u1eaft h\u01a1n.\u00a0<\/em><\/p>\n<p><em>Ng\u00e0y nay, ch\u00fang ta \u0111\u00e3 qu\u00e1 quen thu\u1ed9c v\u00e0 nh\u00e0m cha\u0301n v\u1edbi nh\u1eefng lo\u1ea1i g\u01b0\u01a1ng g\u1eafn, \u0111\u00f3ng c\u1ed1 \u0111\u1ecbnh \u0111\u01a1n gi\u1ea3n. V\u1eady h\u00e3y th\u1eed ngay lo\u1ea1i g\u01b0\u01a1ng\u00a0treo t\u01b0\u1eddng v\u1edbi \u0111a d\u1ea1ng h\u00ecnh d\u00e1ng. Ch\u1eafc ch\u1eafn \u0111\u00e2y s\u1ebd l\u00e0 \u00fd t\u01b0\u1edfng tuy\u1ec7t v\u1eddi khi\u1ebfn ph\u00f2ng t\u1eafm c\u1ee7a b\u1ea1n tr\u1edf n\u00ean xa hoa, sang tr\u1ecdng kh\u00f4ng thua k\u00e9m b\u1ea5t k\u1ef3 kh\u00e1ch s\u1ea1n n\u00e0o.\u00a0<\/em><\/p>\n<h2><em>Th\u00f4ng tin chi ti\u00ea\u0301t<\/em><\/h2>\n<ul>\n<li><span>G\u01b0\u01a1ng\u00a0B\u1ec9 nh\u1eadp kh\u1ea9u ch\u1ea5t l\u01b0\u1ee3ng cao cho h\u00ecnh \u1ea3nh ch\u00e2n th\u1eadt.<\/span><\/li>\n<li><span>G\u01b0\u01a1ng ch\u1ed1ng ch\u1ecbu t\u1ed1t v\u1edbi th\u1eddi ti\u1ebft kh\u1eafc nhi\u1ec7t nh\u01b0 \u0111\u1ed9 \u1ea9m cao trong nh\u00e0 t\u1eafm, ch\u1ed1ng \u1ed1, m\u1ed1c<\/span><\/li>\n<li><span>G\u01b0\u01a1ng B\u1ec9\u00a0c\u01b0\u1eddng l\u1ef1c ch\u1ecbu l\u1ef1c t\u1ed1t khi va ch\u1ea1m m\u1ea1nh h\u01a1n nhi\u1ec1u so v\u1edbi g\u01b0\u01a1ng th\u01b0\u1eddng<\/span><\/li>\n<li><span>Vi\u00ea\u0300n g\u01b0\u01a1ng \u0111\u01b0\u01a1\u0323c la\u0300m t\u01b0\u0300 INOX ma\u0323 va\u0300ng b\u00ea\u0300n bi\u0309 ,ko han gi\u0309 v\u01a1\u0301i \u0111\u00f4\u0323 \u00e2\u0309m cao trong pho\u0300ng t\u0103\u0301m\u00a0<\/span><\/li>\n<\/ul>\n<h2><em><span><strong>L\u1eafp \u0111\u1eb7t\u00a0g\u01b0\u01a1ng nh\u01b0 th\u1ebf n\u00e0o?<\/strong><\/span><\/em><\/h2>\n<ul>\n<li><span>G\u01b0\u01a1ng \u0111\u01b0\u1ee3c thi\u1ebft k\u1ebf s\u1eb5n c\u00e1c m\u00f3c treo gi\u00fap b\u1ea1n d\u1ec5 d\u00e0ng l\u1eafp \u0111\u1eb7t g\u01b0\u01a1ng m\u00e0 kh\u00f4ng c\u1ea7n nh\u1edd ng\u01b0\u1eddi hay thu\u00ea th\u1ee3 \u0111\u1ebfn l\u1eafp \u0111\u1eb7t.<\/span><\/li>\n<li><span>N\u1ebfu b\u1ea1n c\u1ea7n h\u1ed7 tr\u1ee3 b<\/span><span>\u1ea1n c\u00f3 th\u1ec3 li\u00ean h\u1ec7 v\u1edbi b\u1ed9 ph\u1eadn t\u01b0 v\u1ea5n k\u1ef9 thu\u1eadt \u0111\u1ec3 \u0111\u01b0\u01a1\u0323c t\u01b0 v\u1ea5n l\u1eafp \u0111\u1eb7t mi\u1ec5n ph\u00ed (24\/7)<\/span><\/li>\n<\/ul><\/div>\n","protected":false},"excerpt":{"rendered":"<p>M\u00f4 t\u1ea3 G\u01b0\u01a1ng kh\u00f4ng ch\u1ec9 d\u00f9ng \u0111\u1ec3 soi m\u00e0 c\u00f2n l\u00e0 v\u1eadt trang tr\u00ed r\u1ea5t \u0111\u01b0\u1ee3c \u01b0a chu\u1ed9ng. Nh\u1ea5t l\u00e0 trong ph\u00f2ng t\u1eafm c\u1ee7a m\u1ed7i gia \u0111\u00ecnh kh\u00f4ng th\u1ec3 thi\u1ebfu m\u1ed9t chi\u1ebfc g\u01b0\u01a1ng \u0111\u1eb9p m\u1eaft. N\u00f3 mang \u0111\u1ebfn c\u00f4ng d\u1ee5ng tuy\u1ec7t v\u1eddi, gi\u00fap m\u1edf r\u1ed9ng kh\u00f4ng gian, khi\u1ebfn c\u0103n ph\u00f2ng tr\u1edf n\u00ean s\u00e1ng v\u00e0 b\u1eaft&#8230;<\/p>\n","protected":false},"featured_media":265,"comment_status":"open","ping_status":"closed","template":"","meta":[],"class_list":["post-264","product","type-product","status-publish","has-post-thumbnail","hentry","product_cat-guong-led-cam-ung-cao-cap"],"_links":{"self":[{"href":"https:\/\/noithat.mauwebwp.com\/noithat002\/wp-json\/wp\/v2\/product\/264","targetHints":{"allow":["GET"]}}],"collection":[{"href":"https:\/\/noithat.mauwebwp.com\/noithat002\/wp-json\/wp\/v2\/product"}],"about":[{"href":"https:\/\/noithat.mauwebwp.com\/noithat002\/wp-json\/wp\/v2\/types\/product"}],"replies":[{"embeddable":true,"href":"https:\/\/noithat.mauwebwp.com\/noithat002\/wp-json\/wp\/v2\/comments?post=264"}],"wp:featuredmedia":[{"embeddable":true,"href":"https:\/\/noithat.mauwebwp.com\/noithat002\/wp-json\/wp\/v2\/media\/265"}],"wp:attachment":[{"href":"https:\/\/noithat.mauwebwp.com\/noithat002\/wp-json\/wp\/v2\/media?parent=264"}],"curies":[{"name":"wp","href":"https:\/\/api.w.org\/{rel}","templated":true}]}}