{"id":212,"date":"2019-08-05T11:25:15","date_gmt":"2019-08-05T04:25:15","guid":{"rendered":"http:\/\/localhost\/teady.com.vn\/chi-tiet\/sen-tam-sang-trong-s218"},"modified":"2019-08-05T11:25:15","modified_gmt":"2019-08-05T04:25:15","slug":"sen-tam-sang-trong-s218","status":"publish","type":"product","link":"https:\/\/noithat.mauwebwp.com\/noithat002\/s\u1ea3n ph\u1ea9m\/sen-tam-sang-trong-s218\/","title":{"rendered":"SEN T\u1eaeM SANG TR\u1eccNG S218"},"content":{"rendered":"<div id=\"tab-description\" role=\"tabpanel\" aria-labelledby=\"tab-title-description\" readability=\"37\">\n<h2 class=\"woocommerce-description-title\">M\u00f4 t\u1ea3<\/h2>\n<p><strong><span>B\u1ed8 SEN T\u1eaeM SANG TR\u1eccNG S218<\/span><\/strong><\/p>\n<p><strong><span>B\u1ed9 tr\u1ed9n n\u00f3ng l\u1ea1nh sen t\u1eafm S218 V\u1edbi ch\u1ea5t li\u1ec7u inox 304 v\u00e0 \u0111\u1ed3ng m\u1ea1 crom <\/span><\/strong><\/p>\n<p><strong><span>S\u1ea3n ph\u1ea9m n\u00e0y \u0111em l\u1ea1i s\u1ef1 sang tr\u1ecdng qu\u00fd ph\u00e1i t\u00f4n n\u1ec1n cho kh\u00f4ng gian ph\u00f2ng t\u1eafm trong gia \u0111\u00ecnh b\u1ea1n<\/span><\/strong><\/p>\n<p><span><strong>B\u1ea2O H\u00c0NH 05 N\u0102M\u00a0<\/strong><\/span><\/p>\n<\/p><\/div>\n","protected":false},"excerpt":{"rendered":"<p>M\u00f4 t\u1ea3 B\u1ed8 SEN T\u1eaeM SANG TR\u1eccNG S218 B\u1ed9 tr\u1ed9n n\u00f3ng l\u1ea1nh sen t\u1eafm S218 V\u1edbi ch\u1ea5t li\u1ec7u inox 304 v\u00e0 \u0111\u1ed3ng m\u1ea1 crom S\u1ea3n ph\u1ea9m n\u00e0y \u0111em l\u1ea1i s\u1ef1 sang tr\u1ecdng qu\u00fd ph\u00e1i t\u00f4n n\u1ec1n cho kh\u00f4ng gian ph\u00f2ng t\u1eafm trong gia \u0111\u00ecnh b\u1ea1n B\u1ea2O H\u00c0NH 05 N\u0102M\u00a0<\/p>\n","protected":false},"featured_media":213,"comment_status":"open","ping_status":"closed","template":"","meta":[],"class_list":["post-212","product","type-product","status-publish","has-post-thumbnail","hentry","product_cat-sen-voi-cao-cap"],"_links":{"self":[{"href":"https:\/\/noithat.mauwebwp.com\/noithat002\/wp-json\/wp\/v2\/product\/212","targetHints":{"allow":["GET"]}}],"collection":[{"href":"https:\/\/noithat.mauwebwp.com\/noithat002\/wp-json\/wp\/v2\/product"}],"about":[{"href":"https:\/\/noithat.mauwebwp.com\/noithat002\/wp-json\/wp\/v2\/types\/product"}],"replies":[{"embeddable":true,"href":"https:\/\/noithat.mauwebwp.com\/noithat002\/wp-json\/wp\/v2\/comments?post=212"}],"wp:featuredmedia":[{"embeddable":true,"href":"https:\/\/noithat.mauwebwp.com\/noithat002\/wp-json\/wp\/v2\/media\/213"}],"wp:attachment":[{"href":"https:\/\/noithat.mauwebwp.com\/noithat002\/wp-json\/wp\/v2\/media?parent=212"}],"curies":[{"name":"wp","href":"https:\/\/api.w.org\/{rel}","templated":true}]}}