{"id":148,"date":"2019-08-05T04:10:20","date_gmt":"2019-08-05T04:10:20","guid":{"rendered":"http:\/\/localhost\/teady.com.vn\/s\u1ea3n%20ph\u1ea9m\/tu%cc%89-cha%cc%a3u-lavabo-tc-859\/"},"modified":"2019-08-05T04:10:20","modified_gmt":"2019-08-05T04:10:20","slug":"tu%cc%89-cha%cc%a3u-lavabo-tc-859","status":"publish","type":"product","link":"https:\/\/noithat.mauwebwp.com\/noithat002\/s\u1ea3n ph\u1ea9m\/tu%cc%89-cha%cc%a3u-lavabo-tc-859\/","title":{"rendered":"TU\u0309 CH\u00c2\u0323U LAVABO TC 859"},"content":{"rendered":"<div id=\"tab-description\" role=\"tabpanel\" aria-labelledby=\"tab-title-description\" readability=\"67\">\n<h2 class=\"woocommerce-description-title\">M\u00f4 t\u1ea3<\/h2>\n<h2>T\u1ee7 ch\u1eadu Lavabo \u2013 TC 859<\/h2>\n<p>\u2666\u00a0K\u00edch th\u01b0\u1edbc tu\u0309 : 800 x 470 mm<\/p>\n<p>\u2666\u00a0Ch\u1ea5t li\u1ec7u : Nh\u1ef1a PVC cao c\u00e2\u0301p<\/p>\n<p>\u2666\u00a0B\u1ed9 t\u1ee7 ch\u1eadu bao g\u1ed3m :<\/p>\n<p>\u00bb G\u01b0\u01a1ng khung b\u1eb1ng\u00a0nh\u1ef1a PVC, ch\u1ed1ng m\u1ed1c<\/p>\n<p>\u00bb Ch\u00e2\u0323u \u00e2m lavabo s\u01b0\u0301 li\u00ea\u0300n ba\u0300n<\/p>\n<p>\u00bb\u00a0T\u1ee7 ch\u1eadu lavabo co\u0301 ch\u00e2n\u00a0nh\u1ef1a, 2 c\u00e1nh tu\u0309<\/p>\n<h3><strong>T\u00ednh n\u0103ng<\/strong><\/h3>\n<p>\u2666\u00a0T\u1ee7 ch\u1eadu\u00a0\u0111\u01b0\u1ee3c thi\u1ebft k\u1ebf theo phong c\u00e1ch hi\u00ea\u0323n \u0111a\u0323i, sang tr\u1ecdng<\/p>\n<p>\u2666\u00a0S\u1ea3n xu\u1ea5t t\u1eeb ch\u1ea5t li\u1ec7u\u00a0t\u1ea5m\u00a0nh\u1ef1a\u00a0PVC co\u0301 \u0111\u00f4\u0323 c\u01b0\u0301ng va\u0300 \u0111\u00f4\u0323 b\u00ea\u0300n c\u01a1 ho\u0323c cao, chi\u0323u l\u01b0\u0323c t\u00f4\u0301t, kh\u00f4ng cong v\u00eanh, ch\u1ed1ng m\u1ed1i\u00a0 m\u1ecdt<\/p>\n<p>\u2666\u00a0Kh\u1ea3 n\u0103ng ch\u1ed1ng th\u1ea5m n\u01b0\u1edbc tuy\u1ec7t \u0111\u1ed1i, gi\u1eef cho t\u1ee7 ch\u1eadu lu\u00f4n b\u1ec1n \u0111\u1eb9p<\/p>\n<p>\u2666\u00a0Chi\u0323u ki\u00ea\u0300m , axit va\u0300 ca\u0301c dung m\u00f4i<\/p>\n<p>\u2666\u00a0Ba\u0309n l\u00ea\u0300 va\u0300 ray bi s\u01b0\u0309 du\u0323ng inox 304 ch\u00f4\u0301ng gi\u0309 tuy\u00ea\u0323t \u0111\u00f4\u0301i<\/p>\n<p><span class=\"text_exposed_show\">\u2666\u00a0T\u1ee7 \u0111\u01b0\u1ee3c s\u01a1n 3 l\u1edbp s\u01a1n l\u00f3t s\u01a1n m\u00e0u v\u00e0 s\u01a1n b\u00f3ng \u0111\u1ed9 b\u00ean m\u00e0u v\u0129nh vi\u1ec5n\u00a0<\/span><\/p>\n<p><span class=\"text_exposed_show\">\u2666 G\u01b0\u01a1ng tr\u00e1ng b\u1ea1c 3 l\u1edbp ch\u00f4\u0301ng \u00f4\u0301 m\u01a1\u0300<\/span><\/p>\n<p><span class=\"text_exposed_show\">\u2666 C\u00f4ng ngh\u00ea\u0323 sa\u0309n xu\u00e2\u0301t tu\u0309 ch\u00e2\u0323u hi\u00ea\u0323n \u0111a\u0323i<\/span><\/p>\n<p><img loading=\"lazy\" decoding=\"async\" class=\"aligncenter wp-image-957 size-full\" src=\"https:\/\/teady.com.vn\/wp-content\/uploads\/2019\/05\/0039.jpg\" alt=\"\" width=\"2480\" height=\"3509\" srcset=\"https:\/\/teady.com.vn\/wp-content\/uploads\/2019\/05\/0039.jpg 2480w, https:\/\/teady.com.vn\/wp-content\/uploads\/2019\/05\/0039-212x300.jpg 212w, https:\/\/teady.com.vn\/wp-content\/uploads\/2019\/05\/0039-768x1087.jpg 768w, https:\/\/teady.com.vn\/wp-content\/uploads\/2019\/05\/0039-724x1024.jpg 724w, https:\/\/teady.com.vn\/wp-content\/uploads\/2019\/05\/0039-600x849.jpg 600w\" sizes=\"auto, (max-width: 2480px) 100vw, 2480px\"><\/p>\n<\/p><\/div>\n","protected":false},"excerpt":{"rendered":"<p>M\u00f4 t\u1ea3 T\u1ee7 ch\u1eadu Lavabo \u2013 TC 859 \u2666\u00a0K\u00edch th\u01b0\u1edbc tu\u0309 : 800 x 470 mm \u2666\u00a0Ch\u1ea5t li\u1ec7u : Nh\u1ef1a PVC cao c\u00e2\u0301p \u2666\u00a0B\u1ed9 t\u1ee7 ch\u1eadu bao g\u1ed3m : \u00bb G\u01b0\u01a1ng khung b\u1eb1ng\u00a0nh\u1ef1a PVC, ch\u1ed1ng m\u1ed1c \u00bb Ch\u00e2\u0323u \u00e2m lavabo s\u01b0\u0301 li\u00ea\u0300n ba\u0300n \u00bb\u00a0T\u1ee7 ch\u1eadu lavabo co\u0301 ch\u00e2n\u00a0nh\u1ef1a, 2 c\u00e1nh tu\u0309 T\u00ednh n\u0103ng \u2666\u00a0T\u1ee7 ch\u1eadu\u00a0\u0111\u01b0\u1ee3c&#8230;<\/p>\n","protected":false},"featured_media":150,"comment_status":"open","ping_status":"closed","template":"","meta":[],"class_list":["post-148","product","type-product","status-publish","has-post-thumbnail","hentry","product_cat-tu-chau-lavabo"],"_links":{"self":[{"href":"https:\/\/noithat.mauwebwp.com\/noithat002\/wp-json\/wp\/v2\/product\/148","targetHints":{"allow":["GET"]}}],"collection":[{"href":"https:\/\/noithat.mauwebwp.com\/noithat002\/wp-json\/wp\/v2\/product"}],"about":[{"href":"https:\/\/noithat.mauwebwp.com\/noithat002\/wp-json\/wp\/v2\/types\/product"}],"replies":[{"embeddable":true,"href":"https:\/\/noithat.mauwebwp.com\/noithat002\/wp-json\/wp\/v2\/comments?post=148"}],"wp:featuredmedia":[{"embeddable":true,"href":"https:\/\/noithat.mauwebwp.com\/noithat002\/wp-json\/wp\/v2\/media\/150"}],"wp:attachment":[{"href":"https:\/\/noithat.mauwebwp.com\/noithat002\/wp-json\/wp\/v2\/media?parent=148"}],"curies":[{"name":"wp","href":"https:\/\/api.w.org\/{rel}","templated":true}]}}