{"id":14,"date":"2019-08-05T03:36:03","date_gmt":"2019-08-05T03:36:03","guid":{"rendered":"http:\/\/localhost\/teady.com.vn\/s\u1ea3n%20ph\u1ea9m\/sen-cay-son-tinh-dien-nano-sc103\/"},"modified":"2019-08-05T03:36:03","modified_gmt":"2019-08-05T03:36:03","slug":"sen-cay-son-tinh-dien-nano-sc103","status":"publish","type":"product","link":"https:\/\/noithat.mauwebwp.com\/noithat002\/s\u1ea3n ph\u1ea9m\/sen-cay-son-tinh-dien-nano-sc103\/","title":{"rendered":"SEN C\u00c2Y S\u01a0N T\u0128NH \u0110I\u1ec6N NANO SC103"},"content":{"rendered":"<div id=\"tab-description\" role=\"tabpanel\" aria-labelledby=\"tab-title-description\" readability=\"47\">\n<h2 class=\"woocommerce-description-title\">M\u00f4 t\u1ea3<\/h2>\n<p><span><strong><span>S\u1ea3n ph\u1ea9m \u0111\u01b0\u1ee3c s\u1ea3n xu\u1ea5t theo c\u00f4ng ngh\u1ec7 H\u00e0n Qu\u1ed1c<\/span><\/strong><\/span><\/p>\n<p><span><strong>\u2013 TH\u00c2N SEN C\u00c2Y :<\/strong><\/span><br \/>+ \u0110\u01b0\u1ee3c \u0111\u00fac b\u1eb1ng \u0111\u1ed3ng kh\u00f4ng nhi\u1ec5m ch\u00ec\u00a0cho s\u1ea3n ph\u1ea9m b\u1ec1n v\u00e0 an to\u00e0n v\u1edbi s\u1ee9c kh\u1ecfe<br \/>+ S\u1eed d\u1ee5ng c\u00f4ng ngh\u1ec7 m\u1ea1 nano t\u0129nh \u0111i\u1ec7n\u00a0, ch\u1ed1ng b\u00e1m b\u1ea9n,ch\u1ed1ng ch\u1ea7y x\u01b0\u1edbc,\u0111\u1ed9 b\u1ec1n l\u00e2u d\u00e0i.<br \/>+ C\u00f3 n\u00f3ng l\u1ea1nh v\u00e0 3 ch\u1ebf \u0111\u1ed9 ch\u1ecdn \u0111\u01b0\u1eddng n\u01b0\u1edbc :<br \/>> B\u00e1t sen l\u1edbn<br \/>> B\u00e1t nh\u1ecf c\u1ea7m tay<br \/>> V\u00f2i n\u01b0\u1edbc ph\u00eda d\u01b0\u1edbi th\u00e2n<br \/><span><strong>\u2013 C\u1ea6N D\u1eaaN N\u01af\u1edaC<\/strong><\/span><br \/>+ \u0110\u01b0\u1ee3c s\u1eed d\u1ee5ng ch\u1ea5t li\u1ec7u \u0111\u1ed3ng thau, c\u00f3 \u0111\u1ed9 d\u00e0y v\u00e0 d\u00e0i \u0111\u1ea1t ti\u00eau chu\u1ea9n H\u00c0N QU\u1ed0C, s\u1ea3n ph\u1ea7m kh\u00f4ng nhi\u1ec5m ch\u00ec\u00a0an to\u00e0n v\u1edbi s\u1ee9c kh\u1ecfe<br \/>+ C\u00f3 th\u1ec3 \u0111i\u1ec1u ch\u1ec9nh \u0111\u1ed9 \u00a0ph\u00f9 h\u1ee3p.<br \/><span><strong>\u2013 B\u00c1T SEN<\/strong><\/span><br \/>+ L\u00e0m t\u1eeb nh\u1ef1a ABS\u00a0\u00a0c\u00f3 \u0111\u1ed9 b\u1ec1n cao,thi\u1ebft k\u1ebf tinh x\u1ea3o, kh\u00f4ng r\u00f2 r\u1ec9.<br \/>+ N\u01b0\u1edbc ra \u0111\u1ea7y v\u00e0 kh\u1ecfe,ch\u1ecbu \u0111\u01b0\u1ee3c \u00e1p l\u1ef1c n\u01b0\u1edbc cao.<\/p>\n<p><span><strong>B\u1ea2O H\u00c0NH 5\u00a0N\u0102M S\u1ea2N PH\u1ea8M<\/strong><\/span><\/p>\n<\/p><\/div>\n","protected":false},"excerpt":{"rendered":"<p>M\u00f4 t\u1ea3 S\u1ea3n ph\u1ea9m \u0111\u01b0\u1ee3c s\u1ea3n xu\u1ea5t theo c\u00f4ng ngh\u1ec7 H\u00e0n Qu\u1ed1c \u2013 TH\u00c2N SEN C\u00c2Y :+ \u0110\u01b0\u1ee3c \u0111\u00fac b\u1eb1ng \u0111\u1ed3ng kh\u00f4ng nhi\u1ec5m ch\u00ec\u00a0cho s\u1ea3n ph\u1ea9m b\u1ec1n v\u00e0 an to\u00e0n v\u1edbi s\u1ee9c kh\u1ecfe+ S\u1eed d\u1ee5ng c\u00f4ng ngh\u1ec7 m\u1ea1 nano t\u0129nh \u0111i\u1ec7n\u00a0, ch\u1ed1ng b\u00e1m b\u1ea9n,ch\u1ed1ng ch\u1ea7y x\u01b0\u1edbc,\u0111\u1ed9 b\u1ec1n l\u00e2u d\u00e0i.+ C\u00f3 n\u00f3ng l\u1ea1nh v\u00e0 3 ch\u1ebf&#8230;<\/p>\n","protected":false},"featured_media":15,"comment_status":"open","ping_status":"closed","template":"","meta":[],"class_list":["post-14","product","type-product","status-publish","has-post-thumbnail","hentry","product_cat-sen-cay-cao-cap-han-quoc"],"_links":{"self":[{"href":"https:\/\/noithat.mauwebwp.com\/noithat002\/wp-json\/wp\/v2\/product\/14","targetHints":{"allow":["GET"]}}],"collection":[{"href":"https:\/\/noithat.mauwebwp.com\/noithat002\/wp-json\/wp\/v2\/product"}],"about":[{"href":"https:\/\/noithat.mauwebwp.com\/noithat002\/wp-json\/wp\/v2\/types\/product"}],"replies":[{"embeddable":true,"href":"https:\/\/noithat.mauwebwp.com\/noithat002\/wp-json\/wp\/v2\/comments?post=14"}],"wp:featuredmedia":[{"embeddable":true,"href":"https:\/\/noithat.mauwebwp.com\/noithat002\/wp-json\/wp\/v2\/media\/15"}],"wp:attachment":[{"href":"https:\/\/noithat.mauwebwp.com\/noithat002\/wp-json\/wp\/v2\/media?parent=14"}],"curies":[{"name":"wp","href":"https:\/\/api.w.org\/{rel}","templated":true}]}}