{"id":1125,"date":"2019-08-08T09:58:30","date_gmt":"2019-08-08T02:58:30","guid":{"rendered":"http:\/\/demo6.muathemewordpress.net\/?post_type=product&amp;p=1125"},"modified":"2019-08-08T09:58:30","modified_gmt":"2019-08-08T02:58:30","slug":"chau-korea-sus304-can","status":"publish","type":"product","link":"https:\/\/noithat.mauwebwp.com\/noithat002\/s\u1ea3n ph\u1ea9m\/chau-korea-sus304-can\/","title":{"rendered":"CH\u1eacU KOREA SUS304 C\u00c2N"},"content":{"rendered":"<h2>Th\u00f4ng tin s\u1ea3n ph\u1ea9m<\/h2>\n<ul>\n<li>\u00a0Ch\u1ea5t li\u1ec7u: Inox SUS 304<\/li>\n<li>\u00a0Ki\u1ec3u d\u00e1ng: 2 h\u1ed1 c\u00e2n<\/li>\n<li>\u00a0Ch\u1eadu r\u1eeda b\u00e1t \u0111\u01b0\u1ee3c s\u1ea3n xu\u1ea5t tr\u00ean c\u00f4ng ngh\u1ec7 ti\u00ean ti\u1ebfn c\u1ee7a H\u00e0n Qu\u1ed1c d\u1eadp li\u1ec1n nguy\u00ean kh\u1ed1i ( Kh\u00f4ng h\u00e0n m\u00e0i )<\/li>\n<li>\u00a0Thi\u1ebft k\u1ebf sang tr\u1ecdng , hi\u1ec7n \u0111\u1ea1i .<\/li>\n<li>\u00a0\u0110\u01b0\u1ee3c s\u1ea3n xu\u1ea5t t\u1eeb ch\u1ea5t li\u1ec7u Inox 304 si\u00eau b\u1ec1n \u0111\u1ed9 b\u1ec1n l\u00ean \u0111\u1ebfn tr\u00ean 10 n\u0103m<\/li>\n<li>\u00a0B\u1ed9 x\u1ea3 b\u1eb1ng inox 304 v\u00e0 nh\u1ef1a ABS cao c\u1ea5p gi\u00fap ng\u0103n m\u00f9i h\u00f4i hi\u1ec7u qu\u1ea3<\/li>\n<li>\u00a0Ch\u1ecbu \u0111\u01b0\u1ee3c 1 s\u1ed1 ch\u1ea5t t\u1ea9y r\u1eeda c\u00f3 t\u00ednh axit v\u00e0 bazo nh\u1eb9<\/li>\n<li>\u00a0Ch\u1eadu \u0111\u01b0\u1ee3c l\u00e0m t\u1eeb inox c\u00f3 \u0111\u1ed9 b\u1ec1n cao, ch\u1ecbu va \u0111\u1eadp t\u1ed1t.<\/li>\n<li>\u00a0S\u1ea3n ph\u1ea9m c\u00f3 t\u00ednh n\u0103ng ch\u1ed1ng \u1ed3n, ch\u1ed1ng ng\u01b0ng t\u1ee5 n\u01b0\u1edbc.<\/li>\n<li>\u00a0L\u00f2ng ch\u1eadu s\u00e2u gi\u00fap b\u1ea1n \u0111\u1ec3 \u0111\u01b0\u1ee3c nhi\u1ec1u v\u1eadt d\u1ee5ng nh\u00e0 b\u1ebfp hay r\u1eeda rau c\u1ee7 m\u1ed9t c\u00e1ch tho\u1ea3i m\u00e1i, d\u1ec5 d\u00e0ng.<\/li>\n<li>\u00a0K\u00edch th\u01b0\u1edbc ch\u1eadu: 82x45x23cm (d\u00e0i x r\u1ed9ng x cao)<\/li>\n<li>\u0110\u1ed9 d\u00e0y inox: 2.8 mm<b><\/b><\/li>\n<li>B\u1ed9 s\u1ea3n ph\u1ea9m g\u1ed3m: 1 ch\u1eadu r\u1eeda \u2013 B\u1ed9 xi ph\u00f4ng, \u1ed1ng x\u1ea3 ch\u1eadu r\u1eeda b\u00e1t<\/li>\n<li>Xu\u1ea5t x\u1ee9: Ch\u00ednh h\u00e3ng<\/li>\n<\/ul>\n","protected":false},"excerpt":{"rendered":"<p><em><strong>T\u1eb6NG K\u00c8M R\u1ed4 \u0110\u1ef0NG \u0110A N\u0102NG + XIFONG THO\u00c1T N\u01af\u1edaC<\/strong><\/em><\/p>\n<div class=\"vanchuyen\"><\/div>\n","protected":false},"featured_media":1126,"comment_status":"open","ping_status":"closed","template":"","meta":[],"class_list":["post-1125","product","type-product","status-publish","has-post-thumbnail","hentry","product_cat-chau-rua-chen-inox-304"],"_links":{"self":[{"href":"https:\/\/noithat.mauwebwp.com\/noithat002\/wp-json\/wp\/v2\/product\/1125","targetHints":{"allow":["GET"]}}],"collection":[{"href":"https:\/\/noithat.mauwebwp.com\/noithat002\/wp-json\/wp\/v2\/product"}],"about":[{"href":"https:\/\/noithat.mauwebwp.com\/noithat002\/wp-json\/wp\/v2\/types\/product"}],"replies":[{"embeddable":true,"href":"https:\/\/noithat.mauwebwp.com\/noithat002\/wp-json\/wp\/v2\/comments?post=1125"}],"wp:featuredmedia":[{"embeddable":true,"href":"https:\/\/noithat.mauwebwp.com\/noithat002\/wp-json\/wp\/v2\/media\/1126"}],"wp:attachment":[{"href":"https:\/\/noithat.mauwebwp.com\/noithat002\/wp-json\/wp\/v2\/media?parent=1125"}],"curies":[{"name":"wp","href":"https:\/\/api.w.org\/{rel}","templated":true}]}}