{"id":133,"date":"2020-07-13T09:57:23","date_gmt":"2020-07-13T02:57:23","guid":{"rendered":"http:\/\/noithat3.muathemedep.vn\/?post_type=product&amp;p=133"},"modified":"2020-07-13T09:57:23","modified_gmt":"2020-07-13T02:57:23","slug":"bo-sofa-doi-emery-3-1-1","status":"publish","type":"product","link":"https:\/\/noithat.mauwebwp.com\/noithat001\/?product=bo-sofa-doi-emery-3-1-1","title":{"rendered":"B\u1ed9 Sofa \u0110\u1ed1i Emery 3-1-1"},"content":{"rendered":"<p>B\u1ed9 Sofa \u0110\u1ed1i Emery 3-1-1 c\u00f3 m\u00e0u s\u1eafc t\u01b0\u01a1i s\u00e1ng, ph\u00f9 h\u1ee3p v\u1edbi ph\u00f2ng kh\u00e1ch c\u00f3 kh\u00f4ng gian r\u1ed9ng.<\/p>\n<p>K\u00edch th\u01b0\u1edbc:<\/p>\n<ul>\n<li><strong>Gh\u1ebf 3:<\/strong>\u00a02360 x 920 x 1020<\/li>\n<li><strong>Gh\u1ebf 2:<\/strong>\u00a01800 x 920 x 1020<\/li>\n<li><strong>Gh\u1ebf 1:<\/strong>\u00a01200 x 920 x 1020<\/li>\n<\/ul>\n<p>V\u1edbi ch\u1ea5t li\u1ec7u gi\u1ea3 da cao c\u1ea5p c\u00f3 \u0111\u1ed9 b\u1ec1n v\u01b0\u1ee3t tr\u1ed9i, b\u1ea3o h\u00e0nh b\u1ec1 m\u1eb7t da 1 n\u0103m 1 \u0111\u1ed5i 1.<\/p>\n<p>Ch\u1ea5t li\u1ec7u m\u00fat HR Foam cao c\u1ea5p, \u0111\u1ed9 \u0111\u00e0n nhanh, ch\u1ec9 s\u1ed1 cao t\u1ea1o c\u1ea3m gi\u00e1c \u00eam \u00e1i, th\u01b0 gi\u00e3n nh\u1ea5t<\/p>\n<p><img loading=\"lazy\" decoding=\"async\" class=\"alignnone size-medium wp-image-633\" src=\"http:\/\/nhapho43.vn\/wp-content\/uploads\/2019\/12\/a55f466baa8e53d00a9f-1-300x300.jpg\" sizes=\"auto, (max-width: 300px) 100vw, 300px\" srcset=\"https:\/\/nhapho43.vn\/wp-content\/uploads\/2019\/12\/a55f466baa8e53d00a9f-1-300x300.jpg 300w, https:\/\/nhapho43.vn\/wp-content\/uploads\/2019\/12\/a55f466baa8e53d00a9f-1-150x150.jpg 150w, https:\/\/nhapho43.vn\/wp-content\/uploads\/2019\/12\/a55f466baa8e53d00a9f-1-768x765.jpg 768w, https:\/\/nhapho43.vn\/wp-content\/uploads\/2019\/12\/a55f466baa8e53d00a9f-1-1024x1020.jpg 1024w, https:\/\/nhapho43.vn\/wp-content\/uploads\/2019\/12\/a55f466baa8e53d00a9f-1.jpg 1280w\" alt=\"\" width=\"300\" height=\"300\" \/><\/p>\n<p>T\u1ef1a Sofa c\u00f3 thi\u1ebft k\u1ebf th\u00f4ng minh \u0111i\u1ec1u ch\u1ec9nh \u0111\u01b0\u1ee3c \u0111\u1ed9 nghi\u00eang gi\u00fap kh\u00e1ch h\u00e0ng c\u00f3 nh\u1eefng tr\u1ea3i nghi\u1ec7m \u0111\u1eb7c bi\u1ec7t th\u01b0 gi\u00e3n khi<\/p>\n<p><img loading=\"lazy\" decoding=\"async\" class=\"alignnone size-medium wp-image-630\" src=\"http:\/\/nhapho43.vn\/wp-content\/uploads\/2019\/12\/1aaa12ebdc0e25507c1f-225x300.jpg\" sizes=\"auto, (max-width: 225px) 100vw, 225px\" srcset=\"https:\/\/nhapho43.vn\/wp-content\/uploads\/2019\/12\/1aaa12ebdc0e25507c1f-225x300.jpg 225w, https:\/\/nhapho43.vn\/wp-content\/uploads\/2019\/12\/1aaa12ebdc0e25507c1f-768x1024.jpg 768w, https:\/\/nhapho43.vn\/wp-content\/uploads\/2019\/12\/1aaa12ebdc0e25507c1f.jpg 960w\" alt=\"\" width=\"225\" height=\"300\" \/><\/p>\n<p>Thi\u1ebft k\u1ebf c\u1ef1c m\u1ec1m m\u1ea1i<\/p>\n<p><img loading=\"lazy\" decoding=\"async\" class=\"alignnone size-medium wp-image-632\" src=\"http:\/\/nhapho43.vn\/wp-content\/uploads\/2019\/12\/337d8a2744c2bd9ce4d3-225x300.jpg\" sizes=\"auto, (max-width: 225px) 100vw, 225px\" srcset=\"https:\/\/nhapho43.vn\/wp-content\/uploads\/2019\/12\/337d8a2744c2bd9ce4d3-225x300.jpg 225w, https:\/\/nhapho43.vn\/wp-content\/uploads\/2019\/12\/337d8a2744c2bd9ce4d3-768x1024.jpg 768w, https:\/\/nhapho43.vn\/wp-content\/uploads\/2019\/12\/337d8a2744c2bd9ce4d3.jpg 960w\" alt=\"\" width=\"225\" height=\"300\" \/>\u00a0<img loading=\"lazy\" decoding=\"async\" class=\"alignnone size-medium wp-image-631\" src=\"http:\/\/nhapho43.vn\/wp-content\/uploads\/2019\/12\/2b95dfd21137e869b126-300x300.jpg\" sizes=\"auto, (max-width: 300px) 100vw, 300px\" srcset=\"https:\/\/nhapho43.vn\/wp-content\/uploads\/2019\/12\/2b95dfd21137e869b126-300x300.jpg 300w, https:\/\/nhapho43.vn\/wp-content\/uploads\/2019\/12\/2b95dfd21137e869b126-150x150.jpg 150w, https:\/\/nhapho43.vn\/wp-content\/uploads\/2019\/12\/2b95dfd21137e869b126-768x768.jpg 768w, https:\/\/nhapho43.vn\/wp-content\/uploads\/2019\/12\/2b95dfd21137e869b126-1024x1024.jpg 1024w, https:\/\/nhapho43.vn\/wp-content\/uploads\/2019\/12\/2b95dfd21137e869b126.jpg 1280w\" alt=\"\" width=\"300\" height=\"300\" \/><\/p>\n<p>Ki\u1ec3u d\u00e1ng sang tr\u1ecdng, hi\u1ec7n \u0111\u1ea1i.<\/p>\n","protected":false},"excerpt":{"rendered":"<p>Sofa Da Xu\u1ea5t \u00c2u<\/p>\n<p>Xu\u1ea5t X\u1ee9: Vi\u1ec7t Nam XK<\/p>\n<p>Ch\u1ea5t li\u1ec7u: Gi\u1ea3 da cao c\u1ea5p<\/p>\n<p>K\u00edch th\u01b0\u1edbc:<\/p>\n<ul>\n<li><strong>Gh\u1ebf 3:<\/strong>\u00a02360 x 920 x 1020<\/li>\n<li><strong>Gh\u1ebf 2:<\/strong>\u00a01800 x 920 x 1020<\/li>\n<li><strong>Gh\u1ebf 1:<\/strong>\u00a01200 x 920 x 1020<\/li>\n<\/ul>\n","protected":false},"featured_media":134,"comment_status":"open","ping_status":"closed","template":"","meta":[],"class_list":{"0":"post-133","1":"product","2":"type-product","3":"status-publish","4":"has-post-thumbnail","6":"product_cat-ghe-sofa","7":"product_cat-san-pham-noi-bat","8":"product_cat-sofa-da","9":"product_cat-sofa-go-tha-nem","10":"product_cat-sofa-ni","12":"first","13":"instock","14":"featured","15":"shipping-taxable","16":"product-type-simple"},"_links":{"self":[{"href":"https:\/\/noithat.mauwebwp.com\/noithat001\/index.php?rest_route=\/wp\/v2\/product\/133","targetHints":{"allow":["GET"]}}],"collection":[{"href":"https:\/\/noithat.mauwebwp.com\/noithat001\/index.php?rest_route=\/wp\/v2\/product"}],"about":[{"href":"https:\/\/noithat.mauwebwp.com\/noithat001\/index.php?rest_route=\/wp\/v2\/types\/product"}],"replies":[{"embeddable":true,"href":"https:\/\/noithat.mauwebwp.com\/noithat001\/index.php?rest_route=%2Fwp%2Fv2%2Fcomments&post=133"}],"wp:featuredmedia":[{"embeddable":true,"href":"https:\/\/noithat.mauwebwp.com\/noithat001\/index.php?rest_route=\/wp\/v2\/media\/134"}],"wp:attachment":[{"href":"https:\/\/noithat.mauwebwp.com\/noithat001\/index.php?rest_route=%2Fwp%2Fv2%2Fmedia&parent=133"}],"curies":[{"name":"wp","href":"https:\/\/api.w.org\/{rel}","templated":true}]}}