{"id":122,"date":"2020-07-13T09:52:35","date_gmt":"2020-07-13T02:52:35","guid":{"rendered":"http:\/\/noithat3.muathemedep.vn\/?post_type=product&amp;p=122"},"modified":"2020-07-13T09:52:35","modified_gmt":"2020-07-13T02:52:35","slug":"bo-sofa-doi-ronto-3-1-1","status":"publish","type":"product","link":"https:\/\/noithat.mauwebwp.com\/noithat001\/?product=bo-sofa-doi-ronto-3-1-1","title":{"rendered":"B\u1ed9 Sofa \u0110\u1ed1i Ronto 3-1-1"},"content":{"rendered":"<p><img loading=\"lazy\" decoding=\"async\" class=\"alignnone size-medium wp-image-644\" src=\"http:\/\/nhapho43.vn\/wp-content\/uploads\/2019\/12\/Sofa-Ronto-10-300x217.jpg\" sizes=\"auto, (max-width: 300px) 100vw, 300px\" srcset=\"https:\/\/nhapho43.vn\/wp-content\/uploads\/2019\/12\/Sofa-Ronto-10-300x217.jpg 300w, https:\/\/nhapho43.vn\/wp-content\/uploads\/2019\/12\/Sofa-Ronto-10.jpg 720w\" alt=\"\" width=\"300\" height=\"217\" \/><\/p>\n<p>B\u1ed9 Sofa \u0110\u1ed1i Ronto 3-1-1 \u0111\u01b0\u1ee3c thi\u1ebft k\u1ebf theo phong c\u00e1ch hi\u1ec7n \u0111\u1ea1i v\u00e0 m\u00e0u tr\u1eafng s\u1eefa nh\u00e3 nh\u1eb7n s\u1ebd \u0111em \u0111\u1ebfn cho b\u1ea5t c\u1ee9 ph\u00f2ng kh\u00e1ch n\u00e0o m\u1ed9t v\u1ebb \u0111\u1eb9p r\u1ea5t ri\u00eang, th\u1ec3 hi\u1ec7n phong c\u00e1ch c\u1ee7a gia ch\u1ee7.<\/p>\n<p>Ronto v\u1edbi \u0111i\u1ec3m nh\u1ea5n tinh t\u1ebf l\u00e0 ch\u00e2n gh\u1ebf c\u00f3 nh\u1eefng \u0111\u01b0\u1eddng vi\u1ec1n b\u1eb1ng g\u1ed7 d\u1ea7u b\u00f3ng b\u1ea9y, b\u1eaft m\u1eaft.<\/p>\n<p>Kh\u00f4ng nh\u1eefng \u0111\u01b0\u1ee3c trau chu\u1ed1t v\u1ec1 h\u00ecnh th\u1ee9c b\u00ean ngo\u00e0i, b\u00ean trong Sofa Ronto \u0111\u01b0\u1ee3c l\u00e0m b\u1eb1ng nh\u1eefng ch\u1ea5t li\u1ec7u cao c\u1ea5p \u0111\u1ea3m b\u1ea3o b\u1ec1n b\u1ec9 theo th\u1eddi gian nh\u01b0 khung g\u1ed7 l\u00e0 g\u1ed7 th\u00f4ng nh\u1eadp kh\u1ea9u Newzealand, n\u1ec7m m\u00fat nguy\u00ean kh\u1ed1i nh\u1eadp kh\u1ea9u trong n\u01b0\u1edbc\u2026<\/p>\n<p><img loading=\"lazy\" decoding=\"async\" class=\"alignnone size-medium wp-image-642\" src=\"http:\/\/nhapho43.vn\/wp-content\/uploads\/2019\/12\/Sofa-bo-Ronto-2-300x217.jpg\" sizes=\"auto, (max-width: 300px) 100vw, 300px\" srcset=\"https:\/\/nhapho43.vn\/wp-content\/uploads\/2019\/12\/Sofa-bo-Ronto-2-300x217.jpg 300w, https:\/\/nhapho43.vn\/wp-content\/uploads\/2019\/12\/Sofa-bo-Ronto-2.jpg 720w\" alt=\"\" width=\"300\" height=\"217\" \/><\/p>\n<p>Sofa b\u1ed9 Ronto \u0111\u01b0\u1ee3c s\u1ea3n xu\u1ea5t t\u1ea1i Vi\u1ec7t Nam v\u1edbi nguy\u00ean v\u1eadt li\u1ec7u t\u1ed1t \u0111\u1ec3 c\u1ea5u t\u1ea1o n\u00ean s\u1ea3n ph\u1ea9m, c\u1ee5 th\u1ec3 nh\u01b0 sau:<\/p>\n<p><strong><em>Ch\u00e2n gh\u1ebf:<\/em>\u00a0<\/strong>\u0111\u01b0\u1ee3c l\u00e0m t\u1eeb g\u1ed7 t\u1ea7n b\u00ec t\u1ef1 nhi\u00ean 100% (ASH) nh\u1eadp kh\u1ea9u t\u1eeb M\u1ef9 v\u1edbi kh\u1ea3 n\u0103ng ch\u1ecbu l\u1ef1c t\u1ed1t, ch\u1eafc ch\u1eafn. \u0110\u1eb7c bi\u1ec7t, ch\u00e2n gh\u1ebf g\u1ed7 t\u1ea7n b\u00ec \u0111\u01b0\u1ee3c x\u1eed l\u00fd \u0111\u1ea1t ti\u00eau chu\u1ea9n ch\u1ed1ng m\u1ed1i m\u1ecdt, \u1ea9m m\u1ed1c.<\/p>\n<p><b><i>N\u1ec7m m\u00fat:\u00a0<\/i><\/b>n\u1ec7m m\u00fat nguy\u00ean kh\u1ed1i c\u00f3 \u0111\u1ed9 \u0111\u00e0n h\u1ed3i t\u1ed1t, ch\u1ed1ng x\u1eb9p l\u00fan, \u0111\u1ea3m b\u1ea3o \u00eam \u00e1i.<\/p>\n<p><em><strong>Khung g\u1ed7:<\/strong><\/em>\u00a0\u0111\u00e2y l\u00e0 m\u1ed9t b\u1ed9 ph\u1eadn quan tr\u1ecdng c\u1ee7a Sofa. Khung g\u1ed7 \u0111\u01b0\u1ee3c l\u00e0m t\u1eeb g\u1ed7 th\u00f4ng Newzealand \u0111\u01b0\u1ee3c s\u1ea5y kh\u00f4 \u0111\u1ea1t ti\u00eau chu\u1ea9n (\u0111\u1ed9 \u1ea9m 8-12%) gi\u00fap x\u1eed l\u00fd ch\u1ed1ng m\u1ed1i m\u1ecdt \u0111\u1ec3 t\u1ea1o n\u00ean m\u1ed9t khung g\u1ed7 c\u00f3 kh\u1ea3 n\u0103ng ch\u1ecbu l\u1ef1c cao. Khung g\u1ed7 c\u00f3 t\u1ef7 tr\u1ecdng nh\u1eb9 n\u00ean d\u1ec5 di chuy\u1ec3n \u1edf c\u00e1c t\u1ea7ng trong nh\u00e0 hay c\u0103n h\u1ed9 chung c\u01b0.<\/p>\n<p><em><strong>Ch\u1ea5t li\u1ec7u b\u1ecdc:<\/strong><\/em>\u00a0B\u1ed9 Sofa Ronto \u0111\u01b0\u1ee3c l\u00e0m b\u1edfi ch\u1ea5t li\u1ec7u gi\u1ea3 da cao c\u1ea5p, c\u00f3 \u01b0u \u0111i\u1ec3m m\u1ec1m, d\u1ec5 lau ch\u00f9i c\u00e1c v\u1ebft b\u1ea9n, \u0111\u1ed9 \u0111\u00e0n h\u1ed3i cao, bay m\u00e0u ch\u1eadm h\u01a1n k\u1ec3 c\u1ea3 d\u01b0\u1edbi \u00e1nh s\u00e1ng tr\u1ef1c ti\u1ebfp.<\/p>\n<p><img loading=\"lazy\" decoding=\"async\" class=\"alignnone size-medium wp-image-643\" src=\"http:\/\/nhapho43.vn\/wp-content\/uploads\/2019\/12\/Sofa-bo-Ronto-3-300x217.jpg\" sizes=\"auto, (max-width: 300px) 100vw, 300px\" srcset=\"https:\/\/nhapho43.vn\/wp-content\/uploads\/2019\/12\/Sofa-bo-Ronto-3-300x217.jpg 300w, https:\/\/nhapho43.vn\/wp-content\/uploads\/2019\/12\/Sofa-bo-Ronto-3.jpg 720w\" alt=\"\" width=\"300\" height=\"217\" \/><\/p>\n<p><img loading=\"lazy\" decoding=\"async\" class=\"alignnone size-medium wp-image-641\" src=\"http:\/\/nhapho43.vn\/wp-content\/uploads\/2019\/12\/Sofa-bo-Ronto-1-300x217.jpg\" sizes=\"auto, (max-width: 300px) 100vw, 300px\" srcset=\"https:\/\/nhapho43.vn\/wp-content\/uploads\/2019\/12\/Sofa-bo-Ronto-1-300x217.jpg 300w, https:\/\/nhapho43.vn\/wp-content\/uploads\/2019\/12\/Sofa-bo-Ronto-1.jpg 720w\" alt=\"\" width=\"300\" height=\"217\" \/><\/p>\n<p class=\"p1\"><strong>K\u00edch th\u01b0\u1edbc<\/strong><b><\/b><\/p>\n<ul class=\"ul1\">\n<li class=\"li3\"><strong>3 ch\u1ed7:\u00a0<\/strong>2.150 x 900 x 1020<\/li>\n<li><strong>1 ch\u1ed7:<\/strong>\u00a01.200 x 900 x 1020<\/li>\n<\/ul>\n","protected":false},"excerpt":{"rendered":"<p>B\u1ed9 Sofa \u0110\u1ed1i Ronto 3-1-1<\/p>\n<p>Xu\u1ea5t x\u1ee9: Vi\u1ec7t Nam XK<\/p>\n<p>Ch\u1ea5t li\u1ec7u: Gi\u1ea3 da cao c\u1ea5p<\/p>\n<p class=\"p1\"><strong>K\u00edch th\u01b0\u1edbc<\/strong><b><\/b><\/p>\n<ul class=\"ul1\">\n<li class=\"li3\"><strong>3 ch\u1ed7:\u00a0<\/strong>2.150 x 900 x 1020<\/li>\n<li><strong>1 ch\u1ed7:<\/strong>\u00a01.200 x 900 x 1020<\/li>\n<\/ul>\n","protected":false},"featured_media":124,"comment_status":"open","ping_status":"closed","template":"","meta":[],"class_list":{"0":"post-122","1":"product","2":"type-product","3":"status-publish","4":"has-post-thumbnail","6":"product_cat-ghe-sofa","7":"product_cat-san-pham-noi-bat","8":"product_cat-sofa-da","9":"product_cat-sofa-don","10":"product_cat-sofa-go-tha-nem","11":"product_cat-sofa-ni","13":"first","14":"instock","15":"featured","16":"shipping-taxable","17":"product-type-simple"},"_links":{"self":[{"href":"https:\/\/noithat.mauwebwp.com\/noithat001\/index.php?rest_route=\/wp\/v2\/product\/122","targetHints":{"allow":["GET"]}}],"collection":[{"href":"https:\/\/noithat.mauwebwp.com\/noithat001\/index.php?rest_route=\/wp\/v2\/product"}],"about":[{"href":"https:\/\/noithat.mauwebwp.com\/noithat001\/index.php?rest_route=\/wp\/v2\/types\/product"}],"replies":[{"embeddable":true,"href":"https:\/\/noithat.mauwebwp.com\/noithat001\/index.php?rest_route=%2Fwp%2Fv2%2Fcomments&post=122"}],"wp:featuredmedia":[{"embeddable":true,"href":"https:\/\/noithat.mauwebwp.com\/noithat001\/index.php?rest_route=\/wp\/v2\/media\/124"}],"wp:attachment":[{"href":"https:\/\/noithat.mauwebwp.com\/noithat001\/index.php?rest_route=%2Fwp%2Fv2%2Fmedia&parent=122"}],"curies":[{"name":"wp","href":"https:\/\/api.w.org\/{rel}","templated":true}]}}